{"id":2007,"date":"2017-05-11T14:46:01","date_gmt":"2017-05-11T12:46:01","guid":{"rendered":"https:\/\/www.ssl-energie.de\/?post_type=product&#038;p=2007"},"modified":"2023-11-08T08:27:42","modified_gmt":"2023-11-08T07:27:42","slug":"charge4bike","status":"publish","type":"product","link":"https:\/\/www.ssl-energie.de\/en\/produkt\/deutsch-charge4bike-radstaender-fuer-e-bikes-2-2\/","title":{"rendered":"(Kopie)"},"content":{"rendered":"<p class=\"qtranxs-available-languages-message qtranxs-available-languages-message-en\">Sorry, this entry is only available in <a href=\"https:\/\/www.ssl-energie.de\/de\/wp-json\/wp\/v2\/product\/2007\" class=\"qtranxs-available-language-link qtranxs-available-language-link-de\" title=\"Deutsch\">Deutsch<\/a>.<\/p>","protected":false},"excerpt":{"rendered":"<p class=\"qtranxs-available-languages-message qtranxs-available-languages-message-en\">Sorry, this entry is only available in <a href=\"https:\/\/www.ssl-energie.de\/de\/wp-json\/wp\/v2\/product\/2007\" class=\"qtranxs-available-language-link qtranxs-available-language-link-de\" title=\"Deutsch\">Deutsch<\/a>.<\/p>\n","protected":false},"featured_media":3496,"comment_status":"open","ping_status":"closed","template":"","meta":{"_monsterinsights_skip_tracking":false,"_monsterinsights_sitenote_active":false,"_monsterinsights_sitenote_note":"","_monsterinsights_sitenote_category":0,"jetpack_post_was_ever_published":false,"jetpack_publicize_message":"","jetpack_publicize_feature_enabled":true,"jetpack_social_post_already_shared":true,"jetpack_social_options":{"image_generator_settings":{"template":"highway","default_image_id":0,"font":"","enabled":false},"version":2}},"product_brand":[],"product_cat":[76],"product_tag":[78,80,81,77,79],"class_list":{"0":"post-2007","1":"product","2":"type-product","3":"status-publish","4":"has-post-thumbnail","6":"product_cat-elektromobilitaet","7":"product_tag-charge4bike","8":"product_tag-e-bikes","9":"product_tag-ladestation","10":"product_tag-p-charge","11":"product_tag-radstaender","12":"product_shipping_class-charge4bike","14":"first","15":"instock","16":"sold-individually","17":"taxable","18":"shipping-taxable","19":"purchasable","20":"product-type-variable"},"yoast_head":"<!-- This site is optimized with the Yoast SEO plugin v26.0 - https:\/\/yoast.com\/wordpress\/plugins\/seo\/ -->\n<title>(Kopie) - SSL Energie GmbH<\/title>\n<meta name=\"robots\" content=\"index, follow, max-snippet:-1, max-image-preview:large, max-video-preview:-1\" \/>\n<link rel=\"canonical\" href=\"https:\/\/www.ssl-energie.de\/produkt\/charge4bike-radstaender-fuer-e-bikes-2-2\/\" \/>\n<meta property=\"og:locale\" content=\"en_US\" \/>\n<meta property=\"og:type\" content=\"article\" \/>\n<meta property=\"og:title\" content=\"(Kopie) - SSL Energie GmbH\" \/>\n<meta property=\"og:description\" content=\"[:de]inkl. MwSt.  zzgl. Versandkosten  &nbsp;  Ein preiswertes System speziell f\u00fcr die Aufladung von E-Bikes. Vier Einbausteckdosen mit Schutzart IP44 erm\u00f6glichen die Ladung von bis zu 4 E-Bikes mit je 2 Anschl\u00fcssen pro Seite. Zus\u00e4tzlich sorgt ein am Anschlusskabel integrierter FI-Schutzschalter mit Schutzart IP54 f\u00fcr h\u00f6chstm\u00f6gliche Sicherheit. Optimal f\u00fcr Gasth\u00f6fe, Kommunen, Genossenschaften, Bierg\u00e4rten,Tourismuszentren und den Einzelhandel wie z.B. Fahrradh\u00e4ndler.\u00a0Die 2-seitige Werbefl\u00e4che bietet ausreichend Platz f\u00fcr Ihre Werbebotschaft.  &nbsp;  Zum Produktblatt  &nbsp;  &nbsp;[:]\" \/>\n<meta property=\"og:url\" content=\"https:\/\/www.ssl-energie.de\/produkt\/charge4bike-radstaender-fuer-e-bikes-2-2\/\" \/>\n<meta property=\"og:site_name\" content=\"SSL Energie GmbH\" \/>\n<meta property=\"article:modified_time\" content=\"2023-11-08T07:27:42+00:00\" \/>\n<meta property=\"og:image\" content=\"https:\/\/www.ssl-energie.de\/wp-content\/uploads\/2018\/05\/Charge4Bike_gruen.png\" \/>\n\t<meta property=\"og:image:width\" content=\"830\" \/>\n\t<meta property=\"og:image:height\" content=\"830\" \/>\n\t<meta property=\"og:image:type\" content=\"image\/png\" \/>\n<meta name=\"twitter:card\" content=\"summary_large_image\" \/>\n<script type=\"application\/ld+json\" class=\"yoast-schema-graph\">{\"@context\":\"https:\/\/schema.org\",\"@graph\":[{\"@type\":\"WebPage\",\"@id\":\"https:\/\/www.ssl-energie.de\/produkt\/charge4bike-radstaender-fuer-e-bikes-2-2\/\",\"url\":\"https:\/\/www.ssl-energie.de\/produkt\/charge4bike-radstaender-fuer-e-bikes-2-2\/\",\"name\":\"(Kopie) - SSL Energie GmbH\",\"isPartOf\":{\"@id\":\"https:\/\/www.ssl-energie.de\/#website\"},\"primaryImageOfPage\":{\"@id\":\"https:\/\/www.ssl-energie.de\/produkt\/charge4bike-radstaender-fuer-e-bikes-2-2\/#primaryimage\"},\"image\":{\"@id\":\"https:\/\/www.ssl-energie.de\/produkt\/charge4bike-radstaender-fuer-e-bikes-2-2\/#primaryimage\"},\"thumbnailUrl\":\"https:\/\/www.ssl-energie.de\/wp-content\/uploads\/2018\/05\/Charge4Bike_gruen.png\",\"datePublished\":\"2017-05-11T12:46:01+00:00\",\"dateModified\":\"2023-11-08T07:27:42+00:00\",\"breadcrumb\":{\"@id\":\"https:\/\/www.ssl-energie.de\/produkt\/charge4bike-radstaender-fuer-e-bikes-2-2\/#breadcrumb\"},\"inLanguage\":\"en-US\",\"potentialAction\":[{\"@type\":\"ReadAction\",\"target\":[\"https:\/\/www.ssl-energie.de\/produkt\/charge4bike-radstaender-fuer-e-bikes-2-2\/\"]}]},{\"@type\":\"ImageObject\",\"inLanguage\":\"en-US\",\"@id\":\"https:\/\/www.ssl-energie.de\/produkt\/charge4bike-radstaender-fuer-e-bikes-2-2\/#primaryimage\",\"url\":\"https:\/\/www.ssl-energie.de\/wp-content\/uploads\/2018\/05\/Charge4Bike_gruen.png\",\"contentUrl\":\"https:\/\/www.ssl-energie.de\/wp-content\/uploads\/2018\/05\/Charge4Bike_gruen.png\",\"width\":830,\"height\":830},{\"@type\":\"BreadcrumbList\",\"@id\":\"https:\/\/www.ssl-energie.de\/produkt\/charge4bike-radstaender-fuer-e-bikes-2-2\/#breadcrumb\",\"itemListElement\":[{\"@type\":\"ListItem\",\"position\":1,\"name\":\"Home\",\"item\":\"https:\/\/www.ssl-energie.de\/\"},{\"@type\":\"ListItem\",\"position\":2,\"name\":\"Shop\",\"item\":\"https:\/\/www.ssl-energie.de\/en\/shop\/\"},{\"@type\":\"ListItem\",\"position\":3,\"name\":\"Charge4Bike\"}]},{\"@type\":\"WebSite\",\"@id\":\"https:\/\/www.ssl-energie.de\/#website\",\"url\":\"https:\/\/www.ssl-energie.de\/\",\"name\":\"SSL Energie GmbH\",\"description\":\"\",\"potentialAction\":[{\"@type\":\"SearchAction\",\"target\":{\"@type\":\"EntryPoint\",\"urlTemplate\":\"https:\/\/www.ssl-energie.de\/?s={search_term_string}\"},\"query-input\":{\"@type\":\"PropertyValueSpecification\",\"valueRequired\":true,\"valueName\":\"search_term_string\"}}],\"inLanguage\":\"en-US\"}]}<\/script>\n<!-- \/ Yoast SEO plugin. -->","yoast_head_json":{"title":"(Kopie) - SSL Energie GmbH","robots":{"index":"index","follow":"follow","max-snippet":"max-snippet:-1","max-image-preview":"max-image-preview:large","max-video-preview":"max-video-preview:-1"},"canonical":"https:\/\/www.ssl-energie.de\/produkt\/charge4bike-radstaender-fuer-e-bikes-2-2\/","og_locale":"en_US","og_type":"article","og_title":"(Kopie) - SSL Energie GmbH","og_description":"[:de]inkl. MwSt.  zzgl. Versandkosten  &nbsp;  Ein preiswertes System speziell f\u00fcr die Aufladung von E-Bikes. Vier Einbausteckdosen mit Schutzart IP44 erm\u00f6glichen die Ladung von bis zu 4 E-Bikes mit je 2 Anschl\u00fcssen pro Seite. Zus\u00e4tzlich sorgt ein am Anschlusskabel integrierter FI-Schutzschalter mit Schutzart IP54 f\u00fcr h\u00f6chstm\u00f6gliche Sicherheit. Optimal f\u00fcr Gasth\u00f6fe, Kommunen, Genossenschaften, Bierg\u00e4rten,Tourismuszentren und den Einzelhandel wie z.B. Fahrradh\u00e4ndler.\u00a0Die 2-seitige Werbefl\u00e4che bietet ausreichend Platz f\u00fcr Ihre Werbebotschaft.  &nbsp;  Zum Produktblatt  &nbsp;  &nbsp;[:]","og_url":"https:\/\/www.ssl-energie.de\/produkt\/charge4bike-radstaender-fuer-e-bikes-2-2\/","og_site_name":"SSL Energie GmbH","article_modified_time":"2023-11-08T07:27:42+00:00","og_image":[{"width":830,"height":830,"url":"https:\/\/www.ssl-energie.de\/wp-content\/uploads\/2018\/05\/Charge4Bike_gruen.png","type":"image\/png"}],"twitter_card":"summary_large_image","schema":{"@context":"https:\/\/schema.org","@graph":[{"@type":"WebPage","@id":"https:\/\/www.ssl-energie.de\/produkt\/charge4bike-radstaender-fuer-e-bikes-2-2\/","url":"https:\/\/www.ssl-energie.de\/produkt\/charge4bike-radstaender-fuer-e-bikes-2-2\/","name":"(Kopie) - SSL Energie GmbH","isPartOf":{"@id":"https:\/\/www.ssl-energie.de\/#website"},"primaryImageOfPage":{"@id":"https:\/\/www.ssl-energie.de\/produkt\/charge4bike-radstaender-fuer-e-bikes-2-2\/#primaryimage"},"image":{"@id":"https:\/\/www.ssl-energie.de\/produkt\/charge4bike-radstaender-fuer-e-bikes-2-2\/#primaryimage"},"thumbnailUrl":"https:\/\/www.ssl-energie.de\/wp-content\/uploads\/2018\/05\/Charge4Bike_gruen.png","datePublished":"2017-05-11T12:46:01+00:00","dateModified":"2023-11-08T07:27:42+00:00","breadcrumb":{"@id":"https:\/\/www.ssl-energie.de\/produkt\/charge4bike-radstaender-fuer-e-bikes-2-2\/#breadcrumb"},"inLanguage":"en-US","potentialAction":[{"@type":"ReadAction","target":["https:\/\/www.ssl-energie.de\/produkt\/charge4bike-radstaender-fuer-e-bikes-2-2\/"]}]},{"@type":"ImageObject","inLanguage":"en-US","@id":"https:\/\/www.ssl-energie.de\/produkt\/charge4bike-radstaender-fuer-e-bikes-2-2\/#primaryimage","url":"https:\/\/www.ssl-energie.de\/wp-content\/uploads\/2018\/05\/Charge4Bike_gruen.png","contentUrl":"https:\/\/www.ssl-energie.de\/wp-content\/uploads\/2018\/05\/Charge4Bike_gruen.png","width":830,"height":830},{"@type":"BreadcrumbList","@id":"https:\/\/www.ssl-energie.de\/produkt\/charge4bike-radstaender-fuer-e-bikes-2-2\/#breadcrumb","itemListElement":[{"@type":"ListItem","position":1,"name":"Home","item":"https:\/\/www.ssl-energie.de\/"},{"@type":"ListItem","position":2,"name":"Shop","item":"https:\/\/www.ssl-energie.de\/en\/shop\/"},{"@type":"ListItem","position":3,"name":"Charge4Bike"}]},{"@type":"WebSite","@id":"https:\/\/www.ssl-energie.de\/#website","url":"https:\/\/www.ssl-energie.de\/","name":"SSL Energie GmbH","description":"","potentialAction":[{"@type":"SearchAction","target":{"@type":"EntryPoint","urlTemplate":"https:\/\/www.ssl-energie.de\/?s={search_term_string}"},"query-input":{"@type":"PropertyValueSpecification","valueRequired":true,"valueName":"search_term_string"}}],"inLanguage":"en-US"}]}},"jetpack_publicize_connections":[],"jetpack_sharing_enabled":true,"_links":{"self":[{"href":"https:\/\/www.ssl-energie.de\/en\/wp-json\/wp\/v2\/product\/2007","targetHints":{"allow":["GET"]}}],"collection":[{"href":"https:\/\/www.ssl-energie.de\/en\/wp-json\/wp\/v2\/product"}],"about":[{"href":"https:\/\/www.ssl-energie.de\/en\/wp-json\/wp\/v2\/types\/product"}],"replies":[{"embeddable":true,"href":"https:\/\/www.ssl-energie.de\/en\/wp-json\/wp\/v2\/comments?post=2007"}],"wp:featuredmedia":[{"embeddable":true,"href":"https:\/\/www.ssl-energie.de\/en\/wp-json\/wp\/v2\/media\/3496"}],"wp:attachment":[{"href":"https:\/\/www.ssl-energie.de\/en\/wp-json\/wp\/v2\/media?parent=2007"}],"wp:term":[{"taxonomy":"product_brand","embeddable":true,"href":"https:\/\/www.ssl-energie.de\/en\/wp-json\/wp\/v2\/product_brand?post=2007"},{"taxonomy":"product_cat","embeddable":true,"href":"https:\/\/www.ssl-energie.de\/en\/wp-json\/wp\/v2\/product_cat?post=2007"},{"taxonomy":"product_tag","embeddable":true,"href":"https:\/\/www.ssl-energie.de\/en\/wp-json\/wp\/v2\/product_tag?post=2007"}],"curies":[{"name":"wp","href":"https:\/\/api.w.org\/{rel}","templated":true}]}}