{"id":64,"date":"2016-03-14T22:05:51","date_gmt":"2016-03-14T21:05:51","guid":{"rendered":"http:\/\/www.ssl-energie.de\/wordpress\/?page_id=64"},"modified":"2019-10-21T09:54:21","modified_gmt":"2019-10-21T07:54:21","slug":"impressum","status":"publish","type":"page","link":"https:\/\/www.ssl-energie.de\/en\/kontakt\/impressum\/","title":{"rendered":"Impressum"},"content":{"rendered":"<p>Impressum SSL Energie GmbH<\/p>\n<p><strong>Angaben gem\u00e4\u00df \u00a7 5 TMG:<br \/>\n<\/strong>SSL Energie GmbH<br \/>\nM\u00fcnchener Stra\u00dfe 1<br \/>\n83527 Haag i. OB<\/p>\n<p><strong>Kontakt<br \/>\n<\/strong>Tel. +49 8072 3767-100<br \/>\nE-Mail: info@ssl-energie.de<\/p>\n<p><strong>Vertreten durch<br \/>\n<\/strong>Ludwig Schletter, Gesch\u00e4ftsf\u00fchrer<br \/>\nVAT DE301295500<br \/>\nHRB 14958 AG M\u00fchldorf a. Inn<\/p>\n<p>&nbsp;<\/p>\n<p><strong>Haftungsausschluss (Disclaimer)<\/strong><\/p>\n<p><strong>Haftung f\u00fcr Inhalte<br \/>\n<\/strong>Als Diensteanbieter sind wir gem\u00e4\u00df \u00a7 7 Abs.1 TMG f\u00fcr eigene Inhalte auf diesen Seiten nach den allgemeinen Gesetzen verantwortlich. Nach \u00a7\u00a7 8 bis 10 TMG sind wir als Diensteanbieter jedoch nicht verpflichtet, \u00fcbermittelte oder gespeicherte fremde Informationen zu \u00fcberwachen oder nach Umst\u00e4nden zu forschen, die auf eine rechtswidrige T\u00e4tigkeit hinweisen.<\/p>\n<p>Verpflichtungen zur Entfernung oder Sperrung der Nutzung von Informationen nach den allgemeinen Gesetzen bleiben hiervon unber\u00fchrt. Eine diesbez\u00fcgliche Haftung ist jedoch erst ab dem Zeitpunkt der Kenntnis einer konkreten Rechtsverletzung m\u00f6glich. Bei Bekanntwerden von entsprechenden Rechtsverletzungen werden wir diese Inhalte umgehend entfernen.<\/p>\n<p><strong>Haftung f\u00fcr Links<br \/>\n<\/strong>Unser Angebot enth\u00e4lt Links zu externen Webseiten Dritter, auf deren Inhalte wir keinen Einfluss haben. Deshalb k\u00f6nnen wir f\u00fcr diese fremden Inhalte auch keine Gew\u00e4hr \u00fcbernehmen. F\u00fcr die Inhalte der verlinkten Seiten ist stets der jeweilige Anbieter oder Betreiber der Seiten verantwortlich. Die verlinkten Seiten wurden zum Zeitpunkt der Verlinkung auf m\u00f6gliche Rechtsverst\u00f6\u00dfe \u00fcberpr\u00fcft. Rechtswidrige Inhalte waren zum Zeitpunkt der Verlinkung nicht erkennbar.<\/p>\n<p>Eine permanente inhaltliche Kontrolle der verlinkten Seiten ist jedoch ohne konkrete Anhaltspunkte einer Rechtsverletzung nicht zumutbar. Bei Bekanntwerden von Rechtsverletzungen werden wir derartige Links umgehend entfernen.<\/p>\n<p><strong>Urheberrecht<br \/>\n<\/strong>Die durch die Seitenbetreiber erstellten Inhalte und Werke auf diesen Seiten unterliegen dem deutschen Urheberrecht. Die Vervielf\u00e4ltigung, Bearbeitung, Verbreitung und jede Art der Verwertung au\u00dferhalb der Grenzen des Urheberrechtes bed\u00fcrfen der schriftlichen Zustimmung des jeweiligen Autors bzw. Erstellers.<\/p>\n<p>Downloads und Kopien dieser Seite sind nur f\u00fcr den privaten, nicht kommerziellen Gebrauch gestattet. Soweit die Inhalte auf dieser Seite nicht vom Betreiber erstellt wurden, werden die Urheberrechte Dritter beachtet. Insbesondere werden Inhalte Dritter als solche gekennzeichnet. Sollten Sie trotzdem auf eine Urheberrechtsverletzung aufmerksam werden, bitten wir um einen entsprechenden Hinweis. Bei Bekanntwerden von Rechtsverletzungen werden wir derartige Inhalte umgehend entfernen.<\/p>\n<p>&nbsp;<\/p>\n<p><strong>Datenschutzerkl\u00e4rung<\/strong><\/p>\n<p><strong>Datenschutz<br \/>\n<\/strong>Die Betreiber dieser Seiten nehmen den Schutz Ihrer pers\u00f6nlichen Daten sehr ernst. Wir behandeln Ihre personenbezogenen Daten vertraulich und entsprechend der gesetzlichen Datenschutzvorschriften sowie dieser Datenschutzerkl\u00e4rung.<\/p>\n<p>Die Nutzung unserer Webseite ist in der Regel ohne Angabe personenbezogener Daten m\u00f6glich. Soweit auf unseren Seiten personenbezogene Daten (beispielsweise Name, Anschrift oder E-Mail-Adressen) erhoben werden, erfolgt dies, soweit m\u00f6glich, stets auf freiwilliger Basis. Diese Daten werden ohne Ihre ausdr\u00fcckliche Zustimmung nicht an Dritte weitergegeben.<\/p>\n<p>Wir weisen darauf hin, dass die Daten\u00fcbertragung im Internet (z.B. bei der Kommunikation per E-Mail) Sicherheitsl\u00fccken aufweisen kann. Ein l\u00fcckenloser Schutz der Daten vor dem Zugriff durch Dritte ist nicht m\u00f6glich.<\/p>\n<p><strong>Datenschutzerkl\u00e4rung f\u00fcr die Nutzung von YouTube<br \/>\n<\/strong>Unsere Webseite nutzt Plugins der von Google betriebenen Seite YouTube. Betreiber der Seiten ist die YouTube, LLC, 901 Cherry Ave., San Bruno, CA 94066, USA. Wenn Sie eine unserer mit einem YouTube-Plugin ausgestatteten Seiten besuchen, wird eine Verbindung zu den Servern von YouTube hergestellt. Dabei wird dem Youtube-Server mitgeteilt, welche unserer Seiten Sie besucht haben.<\/p>\n<p>Wenn Sie in Ihrem YouTube-Account eingeloggt sind erm\u00f6glichen Sie YouTube, Ihr Surfverhalten direkt Ihrem pers\u00f6nlichen Profil zuzuordnen. Dies k\u00f6nnen Sie verhindern, indem Sie sich aus Ihrem YouTube-Account ausloggen.<\/p>\n<p>Weitere Informationen zum Umgang von Nutzerdaten finden Sie in der Datenschutzerkl\u00e4rung von YouTube unter: https:\/\/www.google.de\/intl\/de\/policies\/privacy<\/p>\n<p><strong>Google Analytics<\/strong><br \/>\nDiese Website benutzt Google Analytics, einen Webanalysedienst der Google Inc. (\u201eGoogle\u201c). Google Analytics verwendet sog. \u201eCookies\u201c, Textdateien, die auf Ihrem Computer gespeichert werden und die eine Analyse der Benutzung der Website durch Sie erm\u00f6glichen. Die durch den Cookie erzeugten Informationen \u00fcber Ihre Benutzung dieser Website (einschlie\u00dflich Ihrer IP-Adresse) wird an einen Server von Google in den USA \u00fcbertragen und dort gespeichert. Google wird diese Informationen benutzen, um Ihre Nutzung der Website auszuwerten, um Reports \u00fcber die Websiteaktivit\u00e4ten f\u00fcr die Websitebetreiber zusammenzustellen und um weitere mit der Websitenutzung und der Internetnutzung verbundene Dienstleistungen zu erbringen. Auch wird Google diese Informationen gegebenenfalls an Dritte \u00fcbertragen, sofern dies gesetzlich vorgeschrieben oder soweit Dritte diese Daten im Auftrag von Google verarbeiten. Google wird in keinem Fall Ihre IP-Adresse mit anderen Daten von Google in Verbindung bringen. Sie k\u00f6nnen die Installation der Cookies durch eine entsprechende Einstellung Ihrer Browser Software verhindern; wir weisen Sie jedoch darauf hin, dass Sie in diesem Fall gegebenenfalls nicht s\u00e4mtliche Funktionen dieser Website vollumf\u00e4nglich nutzen k\u00f6nnen. Durch die Nutzung dieser Website erkl\u00e4ren Sie sich mit der Bearbeitung der \u00fcber Sie erhobenen Daten durch Google in der zuvor beschriebenen Art und Weise und zu dem zuvor benannten Zweck einverstanden.\u201c<\/p>\n<p><strong>Kommentarfunktion auf dieser Webseite<br \/>\n<\/strong>Wenn Sie uns per Kontaktformular Anfragen zukommen lassen, werden Ihre Angaben aus dem Anfrageformular inklusive der von Ihnen dort angegebenen Kontaktdaten zwecks Bearbeitung der Anfrage und f\u00fcr den Fall von Anschlussfragen bei uns gespeichert. Diese Daten geben wir nicht ohne Ihre Einwilligung weiter.<\/p>","protected":false},"excerpt":{"rendered":"<p>Impressum SSL Energie GmbH Angaben gem\u00e4\u00df \u00a7 5 TMG: SSL Energie GmbH M\u00fcnchener Stra\u00dfe 1 83527 Haag i. OB Kontakt Tel. +49 8072 3767-100 E-Mail: info@ssl-energie.de Vertreten durch Ludwig Schletter, Gesch\u00e4ftsf\u00fchrer VAT DE301295500 HRB 14958 AG M\u00fchldorf a. Inn &nbsp; Haftungsausschluss (Disclaimer) Haftung f\u00fcr Inhalte Als Diensteanbieter sind wir gem\u00e4\u00df \u00a7 7 Abs.1 TMG f\u00fcr&#8230; <\/p>\n","protected":false},"author":1,"featured_media":663,"parent":58,"menu_order":0,"comment_status":"closed","ping_status":"closed","template":"","meta":{"_monsterinsights_skip_tracking":false,"_monsterinsights_sitenote_active":false,"_monsterinsights_sitenote_note":"","_monsterinsights_sitenote_category":0,"jetpack_post_was_ever_published":false,"footnotes":""},"class_list":["post-64","page","type-page","status-publish","has-post-thumbnail","hentry"],"yoast_head":"<!-- This site is optimized with the Yoast SEO plugin v26.0 - https:\/\/yoast.com\/wordpress\/plugins\/seo\/ -->\n<title>Impressum - SSL Energie GmbH<\/title>\n<meta name=\"robots\" content=\"index, follow, max-snippet:-1, max-image-preview:large, max-video-preview:-1\" \/>\n<link rel=\"canonical\" href=\"https:\/\/www.ssl-energie.de\/kontakt\/impressum\/\" \/>\n<meta property=\"og:locale\" content=\"en_US\" \/>\n<meta property=\"og:type\" content=\"article\" \/>\n<meta property=\"og:title\" content=\"Impressum - SSL Energie GmbH\" \/>\n<meta property=\"og:description\" content=\"Impressum SSL Energie GmbH Angaben gem\u00e4\u00df \u00a7 5 TMG: SSL Energie GmbH M\u00fcnchener Stra\u00dfe 1 83527 Haag i. OB Kontakt Tel. +49 8072 3767-100 E-Mail: info@ssl-energie.de Vertreten durch Ludwig Schletter, Gesch\u00e4ftsf\u00fchrer VAT DE301295500 HRB 14958 AG M\u00fchldorf a. Inn &nbsp; Haftungsausschluss (Disclaimer) Haftung f\u00fcr Inhalte Als Diensteanbieter sind wir gem\u00e4\u00df \u00a7 7 Abs.1 TMG f\u00fcr...\" \/>\n<meta property=\"og:url\" content=\"https:\/\/www.ssl-energie.de\/kontakt\/impressum\/\" \/>\n<meta property=\"og:site_name\" content=\"SSL Energie GmbH\" \/>\n<meta property=\"article:modified_time\" content=\"2019-10-21T07:54:21+00:00\" \/>\n<meta property=\"og:image\" content=\"https:\/\/www.ssl-energie.de\/wp-content\/uploads\/2016\/03\/impressum-banner-neu_7.jpg\" \/>\n\t<meta property=\"og:image:width\" content=\"1400\" \/>\n\t<meta property=\"og:image:height\" content=\"272\" \/>\n\t<meta property=\"og:image:type\" content=\"image\/jpeg\" \/>\n<meta name=\"twitter:card\" content=\"summary_large_image\" \/>\n<meta name=\"twitter:label1\" content=\"Est. reading time\" \/>\n\t<meta name=\"twitter:data1\" content=\"9 minutes\" \/>\n<script type=\"application\/ld+json\" class=\"yoast-schema-graph\">{\"@context\":\"https:\/\/schema.org\",\"@graph\":[{\"@type\":\"WebPage\",\"@id\":\"https:\/\/www.ssl-energie.de\/kontakt\/impressum\/\",\"url\":\"https:\/\/www.ssl-energie.de\/kontakt\/impressum\/\",\"name\":\"Impressum - SSL Energie GmbH\",\"isPartOf\":{\"@id\":\"https:\/\/www.ssl-energie.de\/#website\"},\"primaryImageOfPage\":{\"@id\":\"https:\/\/www.ssl-energie.de\/kontakt\/impressum\/#primaryimage\"},\"image\":{\"@id\":\"https:\/\/www.ssl-energie.de\/kontakt\/impressum\/#primaryimage\"},\"thumbnailUrl\":\"https:\/\/www.ssl-energie.de\/wp-content\/uploads\/2016\/03\/impressum-banner-neu_7.jpg\",\"datePublished\":\"2016-03-14T21:05:51+00:00\",\"dateModified\":\"2019-10-21T07:54:21+00:00\",\"breadcrumb\":{\"@id\":\"https:\/\/www.ssl-energie.de\/kontakt\/impressum\/#breadcrumb\"},\"inLanguage\":\"en-US\",\"potentialAction\":[{\"@type\":\"ReadAction\",\"target\":[\"https:\/\/www.ssl-energie.de\/kontakt\/impressum\/\"]}]},{\"@type\":\"ImageObject\",\"inLanguage\":\"en-US\",\"@id\":\"https:\/\/www.ssl-energie.de\/kontakt\/impressum\/#primaryimage\",\"url\":\"https:\/\/www.ssl-energie.de\/wp-content\/uploads\/2016\/03\/impressum-banner-neu_7.jpg\",\"contentUrl\":\"https:\/\/www.ssl-energie.de\/wp-content\/uploads\/2016\/03\/impressum-banner-neu_7.jpg\",\"width\":1400,\"height\":272},{\"@type\":\"BreadcrumbList\",\"@id\":\"https:\/\/www.ssl-energie.de\/kontakt\/impressum\/#breadcrumb\",\"itemListElement\":[{\"@type\":\"ListItem\",\"position\":1,\"name\":\"Home\",\"item\":\"https:\/\/www.ssl-energie.de\/\"},{\"@type\":\"ListItem\",\"position\":2,\"name\":\"Kontakt\",\"item\":\"https:\/\/www.ssl-energie.de\/kontakt\/\"},{\"@type\":\"ListItem\",\"position\":3,\"name\":\"Impressum\"}]},{\"@type\":\"WebSite\",\"@id\":\"https:\/\/www.ssl-energie.de\/#website\",\"url\":\"https:\/\/www.ssl-energie.de\/\",\"name\":\"SSL Energie GmbH\",\"description\":\"\",\"potentialAction\":[{\"@type\":\"SearchAction\",\"target\":{\"@type\":\"EntryPoint\",\"urlTemplate\":\"https:\/\/www.ssl-energie.de\/?s={search_term_string}\"},\"query-input\":{\"@type\":\"PropertyValueSpecification\",\"valueRequired\":true,\"valueName\":\"search_term_string\"}}],\"inLanguage\":\"en-US\"}]}<\/script>\n<!-- \/ Yoast SEO plugin. -->","yoast_head_json":{"title":"Impressum - SSL Energie GmbH","robots":{"index":"index","follow":"follow","max-snippet":"max-snippet:-1","max-image-preview":"max-image-preview:large","max-video-preview":"max-video-preview:-1"},"canonical":"https:\/\/www.ssl-energie.de\/kontakt\/impressum\/","og_locale":"en_US","og_type":"article","og_title":"Impressum - SSL Energie GmbH","og_description":"Impressum SSL Energie GmbH Angaben gem\u00e4\u00df \u00a7 5 TMG: SSL Energie GmbH M\u00fcnchener Stra\u00dfe 1 83527 Haag i. OB Kontakt Tel. +49 8072 3767-100 E-Mail: info@ssl-energie.de Vertreten durch Ludwig Schletter, Gesch\u00e4ftsf\u00fchrer VAT DE301295500 HRB 14958 AG M\u00fchldorf a. Inn &nbsp; Haftungsausschluss (Disclaimer) Haftung f\u00fcr Inhalte Als Diensteanbieter sind wir gem\u00e4\u00df \u00a7 7 Abs.1 TMG f\u00fcr...","og_url":"https:\/\/www.ssl-energie.de\/kontakt\/impressum\/","og_site_name":"SSL Energie GmbH","article_modified_time":"2019-10-21T07:54:21+00:00","og_image":[{"width":1400,"height":272,"url":"https:\/\/www.ssl-energie.de\/wp-content\/uploads\/2016\/03\/impressum-banner-neu_7.jpg","type":"image\/jpeg"}],"twitter_card":"summary_large_image","twitter_misc":{"Est. reading time":"9 minutes"},"schema":{"@context":"https:\/\/schema.org","@graph":[{"@type":"WebPage","@id":"https:\/\/www.ssl-energie.de\/kontakt\/impressum\/","url":"https:\/\/www.ssl-energie.de\/kontakt\/impressum\/","name":"Impressum - SSL Energie GmbH","isPartOf":{"@id":"https:\/\/www.ssl-energie.de\/#website"},"primaryImageOfPage":{"@id":"https:\/\/www.ssl-energie.de\/kontakt\/impressum\/#primaryimage"},"image":{"@id":"https:\/\/www.ssl-energie.de\/kontakt\/impressum\/#primaryimage"},"thumbnailUrl":"https:\/\/www.ssl-energie.de\/wp-content\/uploads\/2016\/03\/impressum-banner-neu_7.jpg","datePublished":"2016-03-14T21:05:51+00:00","dateModified":"2019-10-21T07:54:21+00:00","breadcrumb":{"@id":"https:\/\/www.ssl-energie.de\/kontakt\/impressum\/#breadcrumb"},"inLanguage":"en-US","potentialAction":[{"@type":"ReadAction","target":["https:\/\/www.ssl-energie.de\/kontakt\/impressum\/"]}]},{"@type":"ImageObject","inLanguage":"en-US","@id":"https:\/\/www.ssl-energie.de\/kontakt\/impressum\/#primaryimage","url":"https:\/\/www.ssl-energie.de\/wp-content\/uploads\/2016\/03\/impressum-banner-neu_7.jpg","contentUrl":"https:\/\/www.ssl-energie.de\/wp-content\/uploads\/2016\/03\/impressum-banner-neu_7.jpg","width":1400,"height":272},{"@type":"BreadcrumbList","@id":"https:\/\/www.ssl-energie.de\/kontakt\/impressum\/#breadcrumb","itemListElement":[{"@type":"ListItem","position":1,"name":"Home","item":"https:\/\/www.ssl-energie.de\/"},{"@type":"ListItem","position":2,"name":"Kontakt","item":"https:\/\/www.ssl-energie.de\/kontakt\/"},{"@type":"ListItem","position":3,"name":"Impressum"}]},{"@type":"WebSite","@id":"https:\/\/www.ssl-energie.de\/#website","url":"https:\/\/www.ssl-energie.de\/","name":"SSL Energie GmbH","description":"","potentialAction":[{"@type":"SearchAction","target":{"@type":"EntryPoint","urlTemplate":"https:\/\/www.ssl-energie.de\/?s={search_term_string}"},"query-input":{"@type":"PropertyValueSpecification","valueRequired":true,"valueName":"search_term_string"}}],"inLanguage":"en-US"}]}},"jetpack_sharing_enabled":true,"jetpack_shortlink":"https:\/\/wp.me\/P7vwEX-12","_links":{"self":[{"href":"https:\/\/www.ssl-energie.de\/en\/wp-json\/wp\/v2\/pages\/64","targetHints":{"allow":["GET"]}}],"collection":[{"href":"https:\/\/www.ssl-energie.de\/en\/wp-json\/wp\/v2\/pages"}],"about":[{"href":"https:\/\/www.ssl-energie.de\/en\/wp-json\/wp\/v2\/types\/page"}],"author":[{"embeddable":true,"href":"https:\/\/www.ssl-energie.de\/en\/wp-json\/wp\/v2\/users\/1"}],"replies":[{"embeddable":true,"href":"https:\/\/www.ssl-energie.de\/en\/wp-json\/wp\/v2\/comments?post=64"}],"version-history":[{"count":21,"href":"https:\/\/www.ssl-energie.de\/en\/wp-json\/wp\/v2\/pages\/64\/revisions"}],"predecessor-version":[{"id":5756,"href":"https:\/\/www.ssl-energie.de\/en\/wp-json\/wp\/v2\/pages\/64\/revisions\/5756"}],"up":[{"embeddable":true,"href":"https:\/\/www.ssl-energie.de\/en\/wp-json\/wp\/v2\/pages\/58"}],"wp:featuredmedia":[{"embeddable":true,"href":"https:\/\/www.ssl-energie.de\/en\/wp-json\/wp\/v2\/media\/663"}],"wp:attachment":[{"href":"https:\/\/www.ssl-energie.de\/en\/wp-json\/wp\/v2\/media?parent=64"}],"curies":[{"name":"wp","href":"https:\/\/api.w.org\/{rel}","templated":true}]}}