{"id":56,"date":"2016-03-14T22:04:40","date_gmt":"2016-03-14T21:04:40","guid":{"rendered":"http:\/\/www.ssl-energie.de\/wordpress\/?page_id=56"},"modified":"2024-11-25T15:51:46","modified_gmt":"2024-11-25T14:51:46","slug":"stellenangebote","status":"publish","type":"page","link":"https:\/\/www.ssl-energie.de\/en\/unternehmen\/stellenangebote\/","title":{"rendered":"Stellenangebote"},"content":{"rendered":"<p class=\"qtranxs-available-languages-message qtranxs-available-languages-message-en\">Sorry, this entry is only available in <a href=\"https:\/\/www.ssl-energie.de\/de\/wp-json\/wp\/v2\/pages\/56\" class=\"qtranxs-available-language-link qtranxs-available-language-link-de\" title=\"Deutsch\">Deutsch<\/a>.<\/p>","protected":false},"excerpt":{"rendered":"<p>Sorry, this entry is only available in Deutsch.<\/p>\n","protected":false},"author":1,"featured_media":648,"parent":52,"menu_order":0,"comment_status":"closed","ping_status":"closed","template":"","meta":{"_monsterinsights_skip_tracking":false,"_monsterinsights_sitenote_active":false,"_monsterinsights_sitenote_note":"","_monsterinsights_sitenote_category":0,"jetpack_post_was_ever_published":false,"footnotes":""},"class_list":["post-56","page","type-page","status-publish","has-post-thumbnail","hentry"],"yoast_head":"<!-- This site is optimized with the Yoast SEO plugin v26.0 - https:\/\/yoast.com\/wordpress\/plugins\/seo\/ -->\n<title>Stellenangebote - SSL Energie GmbH<\/title>\n<meta name=\"description\" content=\"(Deutsch) Sie m\u00f6chten ebenfalls Teil unserer SSL Energie Familie werden? Dann freuen Sie sich auf ein offenes und famili\u00e4res Miteinander mit flachen Hierarchien und abwechslungsreichen M\u00f6glichkeiten, sich einzubringen und etwas zu bewegen.\" \/>\n<meta name=\"robots\" content=\"index, follow, max-snippet:-1, max-image-preview:large, max-video-preview:-1\" \/>\n<link rel=\"canonical\" href=\"https:\/\/www.ssl-energie.de\/unternehmen\/stellenangebote\/\" \/>\n<meta property=\"og:locale\" content=\"en_US\" \/>\n<meta property=\"og:type\" content=\"article\" \/>\n<meta property=\"og:title\" content=\"Stellenangebote - SSL Energie GmbH\" \/>\n<meta property=\"og:description\" content=\"{:de}Sie m\u00f6chten ebenfalls Teil unserer SSL Energie Familie werden? Dann freuen Sie sich auf ein offenes und famili\u00e4res Miteinander mit flachen Hierarchien und abwechslungsreichen M\u00f6glichkeiten, sich einzubringen und etwas zu bewegen. {:}\" \/>\n<meta property=\"og:url\" content=\"https:\/\/www.ssl-energie.de\/unternehmen\/stellenangebote\/\" \/>\n<meta property=\"og:site_name\" content=\"SSL Energie GmbH\" \/>\n<meta property=\"article:modified_time\" content=\"2024-11-25T14:51:46+00:00\" \/>\n<meta property=\"og:image\" content=\"https:\/\/www.ssl-energie.de\/wp-content\/uploads\/2016\/03\/buero-ergonomie-am-arbeitsplatz.jpg\" \/>\n\t<meta property=\"og:image:width\" content=\"1400\" \/>\n\t<meta property=\"og:image:height\" content=\"272\" \/>\n\t<meta property=\"og:image:type\" content=\"image\/jpeg\" \/>\n<meta name=\"twitter:card\" content=\"summary_large_image\" \/>\n<meta name=\"twitter:label1\" content=\"Est. reading time\" \/>\n\t<meta name=\"twitter:data1\" content=\"3 minutes\" \/>\n<script type=\"application\/ld+json\" class=\"yoast-schema-graph\">{\"@context\":\"https:\/\/schema.org\",\"@graph\":[{\"@type\":\"WebPage\",\"@id\":\"https:\/\/www.ssl-energie.de\/unternehmen\/stellenangebote\/\",\"url\":\"https:\/\/www.ssl-energie.de\/unternehmen\/stellenangebote\/\",\"name\":\"Stellenangebote - SSL Energie GmbH\",\"isPartOf\":{\"@id\":\"https:\/\/www.ssl-energie.de\/#website\"},\"primaryImageOfPage\":{\"@id\":\"https:\/\/www.ssl-energie.de\/unternehmen\/stellenangebote\/#primaryimage\"},\"image\":{\"@id\":\"https:\/\/www.ssl-energie.de\/unternehmen\/stellenangebote\/#primaryimage\"},\"thumbnailUrl\":\"https:\/\/www.ssl-energie.de\/wp-content\/uploads\/2016\/03\/buero-ergonomie-am-arbeitsplatz.jpg\",\"datePublished\":\"2016-03-14T21:04:40+00:00\",\"dateModified\":\"2024-11-25T14:51:46+00:00\",\"description\":\"{:de}Sie m\u00f6chten ebenfalls Teil unserer SSL Energie Familie werden? Dann freuen Sie sich auf ein offenes und famili\u00e4res Miteinander mit flachen Hierarchien und abwechslungsreichen M\u00f6glichkeiten, sich einzubringen und etwas zu bewegen. {:}\",\"breadcrumb\":{\"@id\":\"https:\/\/www.ssl-energie.de\/unternehmen\/stellenangebote\/#breadcrumb\"},\"inLanguage\":\"en-US\",\"potentialAction\":[{\"@type\":\"ReadAction\",\"target\":[\"https:\/\/www.ssl-energie.de\/unternehmen\/stellenangebote\/\"]}]},{\"@type\":\"ImageObject\",\"inLanguage\":\"en-US\",\"@id\":\"https:\/\/www.ssl-energie.de\/unternehmen\/stellenangebote\/#primaryimage\",\"url\":\"https:\/\/www.ssl-energie.de\/wp-content\/uploads\/2016\/03\/buero-ergonomie-am-arbeitsplatz.jpg\",\"contentUrl\":\"https:\/\/www.ssl-energie.de\/wp-content\/uploads\/2016\/03\/buero-ergonomie-am-arbeitsplatz.jpg\",\"width\":1400,\"height\":272},{\"@type\":\"BreadcrumbList\",\"@id\":\"https:\/\/www.ssl-energie.de\/unternehmen\/stellenangebote\/#breadcrumb\",\"itemListElement\":[{\"@type\":\"ListItem\",\"position\":1,\"name\":\"Home\",\"item\":\"https:\/\/www.ssl-energie.de\/\"},{\"@type\":\"ListItem\",\"position\":2,\"name\":\"Unternehmen\",\"item\":\"https:\/\/www.ssl-energie.de\/unternehmen\/\"},{\"@type\":\"ListItem\",\"position\":3,\"name\":\"Stellenangebote\"}]},{\"@type\":\"WebSite\",\"@id\":\"https:\/\/www.ssl-energie.de\/#website\",\"url\":\"https:\/\/www.ssl-energie.de\/\",\"name\":\"SSL Energie GmbH\",\"description\":\"\",\"potentialAction\":[{\"@type\":\"SearchAction\",\"target\":{\"@type\":\"EntryPoint\",\"urlTemplate\":\"https:\/\/www.ssl-energie.de\/?s={search_term_string}\"},\"query-input\":{\"@type\":\"PropertyValueSpecification\",\"valueRequired\":true,\"valueName\":\"search_term_string\"}}],\"inLanguage\":\"en-US\"}]}<\/script>\n<!-- \/ Yoast SEO plugin. -->","yoast_head_json":{"title":"Stellenangebote - SSL Energie GmbH","description":"(Deutsch) Sie m\u00f6chten ebenfalls Teil unserer SSL Energie Familie werden? Dann freuen Sie sich auf ein offenes und famili\u00e4res Miteinander mit flachen Hierarchien und abwechslungsreichen M\u00f6glichkeiten, sich einzubringen und etwas zu bewegen.","robots":{"index":"index","follow":"follow","max-snippet":"max-snippet:-1","max-image-preview":"max-image-preview:large","max-video-preview":"max-video-preview:-1"},"canonical":"https:\/\/www.ssl-energie.de\/unternehmen\/stellenangebote\/","og_locale":"en_US","og_type":"article","og_title":"Stellenangebote - SSL Energie GmbH","og_description":"{:de}Sie m\u00f6chten ebenfalls Teil unserer SSL Energie Familie werden? Dann freuen Sie sich auf ein offenes und famili\u00e4res Miteinander mit flachen Hierarchien und abwechslungsreichen M\u00f6glichkeiten, sich einzubringen und etwas zu bewegen. {:}","og_url":"https:\/\/www.ssl-energie.de\/unternehmen\/stellenangebote\/","og_site_name":"SSL Energie GmbH","article_modified_time":"2024-11-25T14:51:46+00:00","og_image":[{"width":1400,"height":272,"url":"https:\/\/www.ssl-energie.de\/wp-content\/uploads\/2016\/03\/buero-ergonomie-am-arbeitsplatz.jpg","type":"image\/jpeg"}],"twitter_card":"summary_large_image","twitter_misc":{"Est. reading time":"3 minutes"},"schema":{"@context":"https:\/\/schema.org","@graph":[{"@type":"WebPage","@id":"https:\/\/www.ssl-energie.de\/unternehmen\/stellenangebote\/","url":"https:\/\/www.ssl-energie.de\/unternehmen\/stellenangebote\/","name":"Stellenangebote - SSL Energie GmbH","isPartOf":{"@id":"https:\/\/www.ssl-energie.de\/#website"},"primaryImageOfPage":{"@id":"https:\/\/www.ssl-energie.de\/unternehmen\/stellenangebote\/#primaryimage"},"image":{"@id":"https:\/\/www.ssl-energie.de\/unternehmen\/stellenangebote\/#primaryimage"},"thumbnailUrl":"https:\/\/www.ssl-energie.de\/wp-content\/uploads\/2016\/03\/buero-ergonomie-am-arbeitsplatz.jpg","datePublished":"2016-03-14T21:04:40+00:00","dateModified":"2024-11-25T14:51:46+00:00","description":"{:de}Sie m\u00f6chten ebenfalls Teil unserer SSL Energie Familie werden? Dann freuen Sie sich auf ein offenes und famili\u00e4res Miteinander mit flachen Hierarchien und abwechslungsreichen M\u00f6glichkeiten, sich einzubringen und etwas zu bewegen. {:}","breadcrumb":{"@id":"https:\/\/www.ssl-energie.de\/unternehmen\/stellenangebote\/#breadcrumb"},"inLanguage":"en-US","potentialAction":[{"@type":"ReadAction","target":["https:\/\/www.ssl-energie.de\/unternehmen\/stellenangebote\/"]}]},{"@type":"ImageObject","inLanguage":"en-US","@id":"https:\/\/www.ssl-energie.de\/unternehmen\/stellenangebote\/#primaryimage","url":"https:\/\/www.ssl-energie.de\/wp-content\/uploads\/2016\/03\/buero-ergonomie-am-arbeitsplatz.jpg","contentUrl":"https:\/\/www.ssl-energie.de\/wp-content\/uploads\/2016\/03\/buero-ergonomie-am-arbeitsplatz.jpg","width":1400,"height":272},{"@type":"BreadcrumbList","@id":"https:\/\/www.ssl-energie.de\/unternehmen\/stellenangebote\/#breadcrumb","itemListElement":[{"@type":"ListItem","position":1,"name":"Home","item":"https:\/\/www.ssl-energie.de\/"},{"@type":"ListItem","position":2,"name":"Unternehmen","item":"https:\/\/www.ssl-energie.de\/unternehmen\/"},{"@type":"ListItem","position":3,"name":"Stellenangebote"}]},{"@type":"WebSite","@id":"https:\/\/www.ssl-energie.de\/#website","url":"https:\/\/www.ssl-energie.de\/","name":"SSL Energie GmbH","description":"","potentialAction":[{"@type":"SearchAction","target":{"@type":"EntryPoint","urlTemplate":"https:\/\/www.ssl-energie.de\/?s={search_term_string}"},"query-input":{"@type":"PropertyValueSpecification","valueRequired":true,"valueName":"search_term_string"}}],"inLanguage":"en-US"}]}},"jetpack_sharing_enabled":true,"jetpack_shortlink":"https:\/\/wp.me\/P7vwEX-U","_links":{"self":[{"href":"https:\/\/www.ssl-energie.de\/en\/wp-json\/wp\/v2\/pages\/56","targetHints":{"allow":["GET"]}}],"collection":[{"href":"https:\/\/www.ssl-energie.de\/en\/wp-json\/wp\/v2\/pages"}],"about":[{"href":"https:\/\/www.ssl-energie.de\/en\/wp-json\/wp\/v2\/types\/page"}],"author":[{"embeddable":true,"href":"https:\/\/www.ssl-energie.de\/en\/wp-json\/wp\/v2\/users\/1"}],"replies":[{"embeddable":true,"href":"https:\/\/www.ssl-energie.de\/en\/wp-json\/wp\/v2\/comments?post=56"}],"version-history":[{"count":18,"href":"https:\/\/www.ssl-energie.de\/en\/wp-json\/wp\/v2\/pages\/56\/revisions"}],"predecessor-version":[{"id":10277,"href":"https:\/\/www.ssl-energie.de\/en\/wp-json\/wp\/v2\/pages\/56\/revisions\/10277"}],"up":[{"embeddable":true,"href":"https:\/\/www.ssl-energie.de\/en\/wp-json\/wp\/v2\/pages\/52"}],"wp:featuredmedia":[{"embeddable":true,"href":"https:\/\/www.ssl-energie.de\/en\/wp-json\/wp\/v2\/media\/648"}],"wp:attachment":[{"href":"https:\/\/www.ssl-energie.de\/en\/wp-json\/wp\/v2\/media?parent=56"}],"curies":[{"name":"wp","href":"https:\/\/api.w.org\/{rel}","templated":true}]}}